{"id":215566,"date":"2025-07-16T10:49:41","date_gmt":"2025-07-16T08:49:41","guid":{"rendered":"https:\/\/www.lesateliersdusac.com\/produit\/pure-white\/"},"modified":"2025-07-16T10:49:42","modified_gmt":"2025-07-16T08:49:42","slug":"pure-white-paper-bag","status":"publish","type":"product","link":"https:\/\/www.lesateliersdusac.com\/en\/product\/pure-white-paper-bag\/","title":{"rendered":"PURE WHITE \u2013 Paper bag"},"content":{"rendered":"\n<div class=\"wp-block-group has-light-gray-background-color has-background\"><div class=\"wp-block-group__inner-container is-layout-flow wp-block-group-is-layout-flow\">\n<h2 class=\"wp-block-heading has-text-align-center\">Would you like to personalise your bag?<\/h2>\n\n\n\n<p class=\"has-text-align-center\">Simply import your visual to be integrated into the marking area of the bag (vectorised .ai or .pdf file).<\/p>\n\n\n\n<div class=\"wp-block-buttons is-content-justification-center is-layout-flex wp-container-core-buttons-is-layout-16018d1d wp-block-buttons-is-layout-flex\">\n<div class=\"wp-block-button is-style-primary\"><a class=\"wp-block-button__link wp-element-button\" href=\"https:\/\/www.lesateliersdusac.com\/en\/?post_type=product&#038;p=215869\">Over here!<\/a><\/div>\n<\/div>\n<\/div><\/div>\n\n\n\n<div style=\"height:50px\" aria-hidden=\"true\" class=\"wp-block-spacer\"><\/div>\n","protected":false},"excerpt":{"rendered":"<p>Would you like to personalise your bag? Simply import your visual to be integrated into the marking area of the bag (vectorised .ai or .pdf file).<\/p>\n","protected":false},"featured_media":214259,"template":"","meta":{"_acf_changed":true},"product_brand":[],"product_cat":[158],"product_tag":[],"class_list":{"0":"post-215566","1":"product","2":"type-product","3":"status-publish","4":"has-post-thumbnail","6":"product_cat-premium-en","8":"first","9":"instock","10":"sold-individually","11":"taxable","12":"shipping-taxable","13":"purchasable","14":"product-type-variable","15":"has-default-attributes"},"acf":[],"yoast_head":"<!-- This site is optimized with the Yoast SEO plugin v27.5 - https:\/\/yoast.com\/product\/yoast-seo-wordpress\/ -->\n<title>Sac en papier blanc - Les Ateliers du Sac<\/title>\n<meta name=\"description\" content=\"Vous recherchez des sacs publicitaires, et souhaitez opter pour la sobri\u00e9t\u00e9 ? Les Ateliers du Sac vous proposent des sacs en papier blanc, \u00e9cologiques et Made in France.\" \/>\n<meta name=\"robots\" content=\"index, follow, max-snippet:-1, max-image-preview:large, max-video-preview:-1\" \/>\n<link rel=\"canonical\" href=\"https:\/\/www.lesateliersdusac.com\/en\/product\/pure-white-paper-bag\/\" \/>\n<meta property=\"og:locale\" content=\"en_US\" \/>\n<meta property=\"og:type\" content=\"article\" \/>\n<meta property=\"og:title\" content=\"Sac en papier blanc - Les Ateliers du Sac\" \/>\n<meta property=\"og:description\" content=\"Vous recherchez des sacs publicitaires, et souhaitez opter pour la sobri\u00e9t\u00e9 ? Les Ateliers du Sac vous proposent des sacs en papier blanc, \u00e9cologiques et Made in France.\" \/>\n<meta property=\"og:url\" content=\"https:\/\/www.lesateliersdusac.com\/en\/product\/pure-white-paper-bag\/\" \/>\n<meta property=\"og:site_name\" content=\"Les Ateliers du Sac\" \/>\n<meta property=\"article:modified_time\" content=\"2025-07-16T08:49:42+00:00\" \/>\n<meta property=\"og:image\" content=\"https:\/\/www.lesateliersdusac.com\/wp-content\/uploads\/2022\/04\/Shoot01_0022-scaled.jpg\" \/>\n\t<meta property=\"og:image:width\" content=\"2048\" \/>\n\t<meta property=\"og:image:height\" content=\"2048\" \/>\n\t<meta property=\"og:image:type\" content=\"image\/jpeg\" \/>\n<meta name=\"twitter:card\" content=\"summary_large_image\" \/>\n<meta name=\"twitter:label1\" content=\"Est. reading time\" \/>\n\t<meta name=\"twitter:data1\" content=\"1 minute\" \/>\n<script type=\"application\/ld+json\" class=\"yoast-schema-graph\">{\"@context\":\"https:\\\/\\\/schema.org\",\"@graph\":[{\"@type\":\"WebPage\",\"@id\":\"https:\\\/\\\/www.lesateliersdusac.com\\\/en\\\/product\\\/pure-white-paper-bag\\\/\",\"url\":\"https:\\\/\\\/www.lesateliersdusac.com\\\/en\\\/product\\\/pure-white-paper-bag\\\/\",\"name\":\"Sac en papier blanc - Les Ateliers du Sac\",\"isPartOf\":{\"@id\":\"https:\\\/\\\/www.lesateliersdusac.com\\\/en\\\/#website\"},\"primaryImageOfPage\":{\"@id\":\"https:\\\/\\\/www.lesateliersdusac.com\\\/en\\\/product\\\/pure-white-paper-bag\\\/#primaryimage\"},\"image\":{\"@id\":\"https:\\\/\\\/www.lesateliersdusac.com\\\/en\\\/product\\\/pure-white-paper-bag\\\/#primaryimage\"},\"thumbnailUrl\":\"https:\\\/\\\/www.lesateliersdusac.com\\\/wp-content\\\/uploads\\\/2022\\\/04\\\/Shoot01_0022-scaled.jpg\",\"datePublished\":\"2025-07-16T08:49:41+00:00\",\"dateModified\":\"2025-07-16T08:49:42+00:00\",\"description\":\"Vous recherchez des sacs publicitaires, et souhaitez opter pour la sobri\u00e9t\u00e9 ? Les Ateliers du Sac vous proposent des sacs en papier blanc, \u00e9cologiques et Made in France.\",\"breadcrumb\":{\"@id\":\"https:\\\/\\\/www.lesateliersdusac.com\\\/en\\\/product\\\/pure-white-paper-bag\\\/#breadcrumb\"},\"inLanguage\":\"en-US\",\"potentialAction\":[{\"@type\":\"ReadAction\",\"target\":[\"https:\\\/\\\/www.lesateliersdusac.com\\\/en\\\/product\\\/pure-white-paper-bag\\\/\"]}]},{\"@type\":\"ImageObject\",\"inLanguage\":\"en-US\",\"@id\":\"https:\\\/\\\/www.lesateliersdusac.com\\\/en\\\/product\\\/pure-white-paper-bag\\\/#primaryimage\",\"url\":\"https:\\\/\\\/www.lesateliersdusac.com\\\/wp-content\\\/uploads\\\/2022\\\/04\\\/Shoot01_0022-scaled.jpg\",\"contentUrl\":\"https:\\\/\\\/www.lesateliersdusac.com\\\/wp-content\\\/uploads\\\/2022\\\/04\\\/Shoot01_0022-scaled.jpg\",\"width\":2048,\"height\":2048},{\"@type\":\"BreadcrumbList\",\"@id\":\"https:\\\/\\\/www.lesateliersdusac.com\\\/en\\\/product\\\/pure-white-paper-bag\\\/#breadcrumb\",\"itemListElement\":[{\"@type\":\"ListItem\",\"position\":1,\"name\":\"Accueil\",\"item\":\"https:\\\/\\\/www.lesateliersdusac.com\\\/en\\\/\"},{\"@type\":\"ListItem\",\"position\":2,\"name\":\"Paper shopping bags\",\"item\":\"https:\\\/\\\/www.lesateliersdusac.com\\\/en\\\/shop\\\/\"},{\"@type\":\"ListItem\",\"position\":3,\"name\":\"Premium\",\"item\":\"https:\\\/\\\/www.lesateliersdusac.com\\\/en\\\/product-category\\\/premium-en\\\/\"},{\"@type\":\"ListItem\",\"position\":4,\"name\":\"PURE WHITE \u2013 Paper bag\"}]},{\"@type\":\"WebSite\",\"@id\":\"https:\\\/\\\/www.lesateliersdusac.com\\\/en\\\/#website\",\"url\":\"https:\\\/\\\/www.lesateliersdusac.com\\\/en\\\/\",\"name\":\"Les Ateliers du Sac\",\"description\":\"Manufacturer of paper shopping bags\",\"publisher\":{\"@id\":\"https:\\\/\\\/www.lesateliersdusac.com\\\/en\\\/#organization\"},\"potentialAction\":[{\"@type\":\"SearchAction\",\"target\":{\"@type\":\"EntryPoint\",\"urlTemplate\":\"https:\\\/\\\/www.lesateliersdusac.com\\\/en\\\/?s={search_term_string}\"},\"query-input\":{\"@type\":\"PropertyValueSpecification\",\"valueRequired\":true,\"valueName\":\"search_term_string\"}}],\"inLanguage\":\"en-US\"},{\"@type\":\"Organization\",\"@id\":\"https:\\\/\\\/www.lesateliersdusac.com\\\/en\\\/#organization\",\"name\":\"Les ateliers du sac\",\"url\":\"https:\\\/\\\/www.lesateliersdusac.com\\\/en\\\/\",\"logo\":{\"@type\":\"ImageObject\",\"inLanguage\":\"en-US\",\"@id\":\"https:\\\/\\\/www.lesateliersdusac.com\\\/en\\\/#\\\/schema\\\/logo\\\/image\\\/\",\"url\":\"https:\\\/\\\/www.lesateliersdusac.com\\\/wp-content\\\/uploads\\\/2021\\\/07\\\/logo-atelier-du-sac-noir-symbole.svg\",\"contentUrl\":\"https:\\\/\\\/www.lesateliersdusac.com\\\/wp-content\\\/uploads\\\/2021\\\/07\\\/logo-atelier-du-sac-noir-symbole.svg\",\"width\":273,\"height\":43,\"caption\":\"Les ateliers du sac\"},\"image\":{\"@id\":\"https:\\\/\\\/www.lesateliersdusac.com\\\/en\\\/#\\\/schema\\\/logo\\\/image\\\/\"}}]}<\/script>\n<!-- \/ Yoast SEO plugin. -->","yoast_head_json":{"title":"Sac en papier blanc - Les Ateliers du Sac","description":"Vous recherchez des sacs publicitaires, et souhaitez opter pour la sobri\u00e9t\u00e9 ? Les Ateliers du Sac vous proposent des sacs en papier blanc, \u00e9cologiques et Made in France.","robots":{"index":"index","follow":"follow","max-snippet":"max-snippet:-1","max-image-preview":"max-image-preview:large","max-video-preview":"max-video-preview:-1"},"canonical":"https:\/\/www.lesateliersdusac.com\/en\/product\/pure-white-paper-bag\/","og_locale":"en_US","og_type":"article","og_title":"Sac en papier blanc - Les Ateliers du Sac","og_description":"Vous recherchez des sacs publicitaires, et souhaitez opter pour la sobri\u00e9t\u00e9 ? Les Ateliers du Sac vous proposent des sacs en papier blanc, \u00e9cologiques et Made in France.","og_url":"https:\/\/www.lesateliersdusac.com\/en\/product\/pure-white-paper-bag\/","og_site_name":"Les Ateliers du Sac","article_modified_time":"2025-07-16T08:49:42+00:00","og_image":[{"width":2048,"height":2048,"url":"https:\/\/www.lesateliersdusac.com\/wp-content\/uploads\/2022\/04\/Shoot01_0022-scaled.jpg","type":"image\/jpeg"}],"twitter_card":"summary_large_image","twitter_misc":{"Est. reading time":"1 minute"},"schema":{"@context":"https:\/\/schema.org","@graph":[{"@type":"WebPage","@id":"https:\/\/www.lesateliersdusac.com\/en\/product\/pure-white-paper-bag\/","url":"https:\/\/www.lesateliersdusac.com\/en\/product\/pure-white-paper-bag\/","name":"Sac en papier blanc - Les Ateliers du Sac","isPartOf":{"@id":"https:\/\/www.lesateliersdusac.com\/en\/#website"},"primaryImageOfPage":{"@id":"https:\/\/www.lesateliersdusac.com\/en\/product\/pure-white-paper-bag\/#primaryimage"},"image":{"@id":"https:\/\/www.lesateliersdusac.com\/en\/product\/pure-white-paper-bag\/#primaryimage"},"thumbnailUrl":"https:\/\/www.lesateliersdusac.com\/wp-content\/uploads\/2022\/04\/Shoot01_0022-scaled.jpg","datePublished":"2025-07-16T08:49:41+00:00","dateModified":"2025-07-16T08:49:42+00:00","description":"Vous recherchez des sacs publicitaires, et souhaitez opter pour la sobri\u00e9t\u00e9 ? Les Ateliers du Sac vous proposent des sacs en papier blanc, \u00e9cologiques et Made in France.","breadcrumb":{"@id":"https:\/\/www.lesateliersdusac.com\/en\/product\/pure-white-paper-bag\/#breadcrumb"},"inLanguage":"en-US","potentialAction":[{"@type":"ReadAction","target":["https:\/\/www.lesateliersdusac.com\/en\/product\/pure-white-paper-bag\/"]}]},{"@type":"ImageObject","inLanguage":"en-US","@id":"https:\/\/www.lesateliersdusac.com\/en\/product\/pure-white-paper-bag\/#primaryimage","url":"https:\/\/www.lesateliersdusac.com\/wp-content\/uploads\/2022\/04\/Shoot01_0022-scaled.jpg","contentUrl":"https:\/\/www.lesateliersdusac.com\/wp-content\/uploads\/2022\/04\/Shoot01_0022-scaled.jpg","width":2048,"height":2048},{"@type":"BreadcrumbList","@id":"https:\/\/www.lesateliersdusac.com\/en\/product\/pure-white-paper-bag\/#breadcrumb","itemListElement":[{"@type":"ListItem","position":1,"name":"Accueil","item":"https:\/\/www.lesateliersdusac.com\/en\/"},{"@type":"ListItem","position":2,"name":"Paper shopping bags","item":"https:\/\/www.lesateliersdusac.com\/en\/shop\/"},{"@type":"ListItem","position":3,"name":"Premium","item":"https:\/\/www.lesateliersdusac.com\/en\/product-category\/premium-en\/"},{"@type":"ListItem","position":4,"name":"PURE WHITE \u2013 Paper bag"}]},{"@type":"WebSite","@id":"https:\/\/www.lesateliersdusac.com\/en\/#website","url":"https:\/\/www.lesateliersdusac.com\/en\/","name":"Les Ateliers du Sac","description":"Manufacturer of paper shopping bags","publisher":{"@id":"https:\/\/www.lesateliersdusac.com\/en\/#organization"},"potentialAction":[{"@type":"SearchAction","target":{"@type":"EntryPoint","urlTemplate":"https:\/\/www.lesateliersdusac.com\/en\/?s={search_term_string}"},"query-input":{"@type":"PropertyValueSpecification","valueRequired":true,"valueName":"search_term_string"}}],"inLanguage":"en-US"},{"@type":"Organization","@id":"https:\/\/www.lesateliersdusac.com\/en\/#organization","name":"Les ateliers du sac","url":"https:\/\/www.lesateliersdusac.com\/en\/","logo":{"@type":"ImageObject","inLanguage":"en-US","@id":"https:\/\/www.lesateliersdusac.com\/en\/#\/schema\/logo\/image\/","url":"https:\/\/www.lesateliersdusac.com\/wp-content\/uploads\/2021\/07\/logo-atelier-du-sac-noir-symbole.svg","contentUrl":"https:\/\/www.lesateliersdusac.com\/wp-content\/uploads\/2021\/07\/logo-atelier-du-sac-noir-symbole.svg","width":273,"height":43,"caption":"Les ateliers du sac"},"image":{"@id":"https:\/\/www.lesateliersdusac.com\/en\/#\/schema\/logo\/image\/"}}]}},"wcpa_form_fields":null,"_links":{"self":[{"href":"https:\/\/www.lesateliersdusac.com\/en\/wp-json\/wp\/v2\/product\/215566","targetHints":{"allow":["GET"]}}],"collection":[{"href":"https:\/\/www.lesateliersdusac.com\/en\/wp-json\/wp\/v2\/product"}],"about":[{"href":"https:\/\/www.lesateliersdusac.com\/en\/wp-json\/wp\/v2\/types\/product"}],"wp:featuredmedia":[{"embeddable":true,"href":"https:\/\/www.lesateliersdusac.com\/en\/wp-json\/wp\/v2\/media\/214259"}],"wp:attachment":[{"href":"https:\/\/www.lesateliersdusac.com\/en\/wp-json\/wp\/v2\/media?parent=215566"}],"wp:term":[{"taxonomy":"product_brand","embeddable":true,"href":"https:\/\/www.lesateliersdusac.com\/en\/wp-json\/wp\/v2\/product_brand?post=215566"},{"taxonomy":"product_cat","embeddable":true,"href":"https:\/\/www.lesateliersdusac.com\/en\/wp-json\/wp\/v2\/product_cat?post=215566"},{"taxonomy":"product_tag","embeddable":true,"href":"https:\/\/www.lesateliersdusac.com\/en\/wp-json\/wp\/v2\/product_tag?post=215566"}],"curies":[{"name":"wp","href":"https:\/\/api.w.org\/{rel}","templated":true}]}}